{"id":99,"date":"2020-02-18T09:59:05","date_gmt":"2020-02-18T09:59:05","guid":{"rendered":"http:\/\/city-golfguide.de\/?post_type=product&#038;p=99"},"modified":"2026-02-09T15:27:20","modified_gmt":"2026-02-09T15:27:20","slug":"city-golfguide-2023-single-edition","status":"publish","type":"product","link":"https:\/\/city-golfguide.de\/?product=city-golfguide-2023-single-edition","title":{"rendered":"City Golf Guide Hamburg 2026 &#8211; Single Edition"},"content":{"rendered":"<h3>City Golf Guide Hamburg 2026 &#8211; Single Edition (1 St\u00fcck)<\/h3>\n<p>&nbsp;<\/p>\n<p><b>City Golf Guide 2026 Single Edition &#8211; Paket mit einem Guide &#8211; der einzige Golff\u00fchrer f\u00fcr Hamburg mit integrierter Gutschein-Garantie<\/b><\/p>\n<p>Sie kaufen einen Golf Guide.<\/p>\n<p>&nbsp;<\/p>\n<p><img loading=\"lazy\" decoding=\"async\" class=\"alignnone wp-image-3337 size-medium\" src=\"http:\/\/city-golfguide.de\/wp-content\/uploads\/2020\/02\/Online_cover2026_single-224x300.png\" alt=\"Cover 1 City Golf Guide 2026\" width=\"224\" height=\"300\" srcset=\"https:\/\/city-golfguide.de\/wp-content\/uploads\/2020\/02\/Online_cover2026_single-224x300.png 224w, https:\/\/city-golfguide.de\/wp-content\/uploads\/2020\/02\/Online_cover2026_single.png 277w\" sizes=\"auto, (max-width: 224px) 100vw, 224px\" \/><\/p>\n<p><span style=\"font-size: 15.2015px;\">\u00a0<\/span><\/p>\n<ul>\n<li>Greenfee-Gutscheine f\u00fcr fast 3000 Euro<\/li>\n<li>70 % davon gelten am Wochenende<\/li>\n<li>80 % der Gutscheine funktionieren auch f\u00fcr Einzelspieler<\/li>\n<li>Nicht personalisiert, \u00fcbertragbar, verschenkbar<\/li>\n<li><strong>Neu 2026: Golfclub S\u00fclfeld, Golfclub\u00a0 Schloss Teschow, Golfclub Am Donner Kleve, Golfclub St. Dionys<\/strong><\/li>\n<li>\u00dcbersicht \u00fcber ALLE Golfanlagen im Raum Hamburg<\/li>\n<li>Der besondere Service:\n<ul>\n<li>Wo darf ich mit Hund spielen?<\/li>\n<li>Wo gibt es Early Bird Angebote?<\/li>\n<li>Welche Pl\u00e4tze sind aus der City am Schnellsten zu erreichen?<\/li>\n<li>Wo reduziert sich das Greenfee zum Sonnenuntergang hin?<\/li>\n<\/ul>\n<\/li>\n<li>Perfekt auch f\u00fcr Hamburg-Touristen, Neu-Hamburger oder Neugolfer in Hamburg.<\/li>\n<\/ul>\n<p>Hier bestellen Sie ein Paket mit <strong>einem City-Golfguide<\/strong>. Die Bezahlung erfolgt entweder direkt per PayPal oder nach erfolgreicher Lieferung und nat\u00fcrlich nur dann, wenn Sie zufrieden sind. Der Lieferung liegt eine Rechnung mit ausgewiesener Mehrwertsteuer bei.<\/p>\n<p>Sollten Sie eine gr\u00f6\u00dfere St\u00fcckzahl ben\u00f6tigen, lohnt es sich vermutlich, wenn Sie eine eMail an <a href=\"mailto:info@city-golfguide.de\">info@city-golfguide.de<\/a> schreiben oder einfach anrufen (+40 171 5337318).<\/p>\n","protected":false},"excerpt":{"rendered":"<p>City Golf Guide Hamburg 2026 &#8211; Single Edition (1 St\u00fcck) &nbsp; City Golf Guide 2026 Single Edition &#8211; Paket mit einem Guide &#8211; der einzige Golff\u00fchrer f\u00fcr Hamburg mit integrierter Gutschein-Garantie Sie kaufen einen Golf Guide. &nbsp; \u00a0 Greenfee-Gutscheine f\u00fcr fast 3000 Euro 70 % davon gelten am Wochenende 80 % der Gutscheine funktionieren auch f\u00fcr Einzelspieler Nicht personalisiert, \u00fcbertragbar, [&hellip;]<\/p>\n","protected":false},"featured_media":3337,"comment_status":"open","ping_status":"closed","template":"","meta":[],"product_brand":[],"product_cat":[33],"product_tag":[66,44],"class_list":{"0":"post-99","1":"product","2":"type-product","3":"status-publish","4":"has-post-thumbnail","6":"product_cat-city-golfguide-das-heft","7":"product_tag-city-golf-guide-hamburg-2026","8":"product_tag-greenfee-gutscheine","10":"first","11":"instock","12":"taxable","13":"shipping-taxable","14":"purchasable","15":"product-type-simple"},"_links":{"self":[{"href":"https:\/\/city-golfguide.de\/index.php?rest_route=\/wp\/v2\/product\/99","targetHints":{"allow":["GET"]}}],"collection":[{"href":"https:\/\/city-golfguide.de\/index.php?rest_route=\/wp\/v2\/product"}],"about":[{"href":"https:\/\/city-golfguide.de\/index.php?rest_route=\/wp\/v2\/types\/product"}],"replies":[{"embeddable":true,"href":"https:\/\/city-golfguide.de\/index.php?rest_route=%2Fwp%2Fv2%2Fcomments&post=99"}],"wp:featuredmedia":[{"embeddable":true,"href":"https:\/\/city-golfguide.de\/index.php?rest_route=\/wp\/v2\/media\/3337"}],"wp:attachment":[{"href":"https:\/\/city-golfguide.de\/index.php?rest_route=%2Fwp%2Fv2%2Fmedia&parent=99"}],"wp:term":[{"taxonomy":"product_brand","embeddable":true,"href":"https:\/\/city-golfguide.de\/index.php?rest_route=%2Fwp%2Fv2%2Fproduct_brand&post=99"},{"taxonomy":"product_cat","embeddable":true,"href":"https:\/\/city-golfguide.de\/index.php?rest_route=%2Fwp%2Fv2%2Fproduct_cat&post=99"},{"taxonomy":"product_tag","embeddable":true,"href":"https:\/\/city-golfguide.de\/index.php?rest_route=%2Fwp%2Fv2%2Fproduct_tag&post=99"}],"curies":[{"name":"wp","href":"https:\/\/api.w.org\/{rel}","templated":true}]}}