{"id":2657,"date":"2023-05-12T12:32:10","date_gmt":"2023-05-12T12:32:10","guid":{"rendered":"https:\/\/city-golfguide.de\/?post_type=product&#038;p=2657"},"modified":"2026-01-02T13:54:04","modified_gmt":"2026-01-02T13:54:04","slug":"city-golfguide-koeln-2023-flight-edition-3-stueck","status":"publish","type":"product","link":"https:\/\/city-golfguide.de\/?product=city-golfguide-koeln-2023-flight-edition-3-stueck","title":{"rendered":"City Golf Guide K\u00f6ln 2025 &#8211; Flight Edition &#8211; 3 St\u00fcck"},"content":{"rendered":"<h3>City Golf Guide K\u00f6ln 2025 &#8211; Flight Edition (3 St\u00fcck)<\/h3>\n<p>&nbsp;<\/p>\n<p><b>City Golf Guide 2025 Flight Edition &#8211; Paket mit drei Guides &#8211; der einzige Golff\u00fchrer f\u00fcr K\u00f6ln mit integrierter Gutschein-Garantie<\/b><\/p>\n<p>Insgesamt \u00fcber 1900 \u20ac Greenfee-Gutscheine. Neu dabei: GC Duvenhof und GC Velbert.<\/p>\n<p>&nbsp;<\/p>\n<p><img loading=\"lazy\" decoding=\"async\" class=\"alignnone wp-image-3228 size-medium\" src=\"http:\/\/city-golfguide.de\/wp-content\/uploads\/2023\/05\/Online_cover2025_CGN3-300x300.png\" alt=\"Drei Golf Guides f\u00fcr K\u00f6ln\" width=\"300\" height=\"300\" srcset=\"https:\/\/city-golfguide.de\/wp-content\/uploads\/2023\/05\/Online_cover2025_CGN3-300x300.png 300w, https:\/\/city-golfguide.de\/wp-content\/uploads\/2023\/05\/Online_cover2025_CGN3-150x150.png 150w, https:\/\/city-golfguide.de\/wp-content\/uploads\/2023\/05\/Online_cover2025_CGN3-400x400.png 400w, https:\/\/city-golfguide.de\/wp-content\/uploads\/2023\/05\/Online_cover2025_CGN3-100x100.png 100w, https:\/\/city-golfguide.de\/wp-content\/uploads\/2023\/05\/Online_cover2025_CGN3.png 425w\" sizes=\"auto, (max-width: 300px) 100vw, 300px\" \/><\/p>\n<ul>\n<li>\n<ul>\n<li>Greenfee-Gutscheine f\u00fcr \u00fcber 1900 Euro<\/li>\n<li>68 % davon gelten am Wochenende<\/li>\n<li>87 % der Gutscheine funktionieren auch f\u00fcr Einzelspieler<\/li>\n<li>Nicht personalisiert, \u00fcbertragbar, verschenkbar<\/li>\n<li>Golfen mit Hund, Golfen auf der schnellen Runde, Golfen f\u00fcr Fr\u00fchaufsteher, Golfen f\u00fcr Nachtwandler<\/li>\n<li>\u00dcbersicht \u00fcber ALLE Golfanlagen im Raum K\u00f6ln, Bonn und teilweise D\u00fcsseldorf<\/li>\n<li>Perfekt auch f\u00fcr Rheinland-Touristen, Neu-Reinl\u00e4nder oder Neugolfer im Rheinland.<\/li>\n<\/ul>\n<p>Hier bestellen Sie ein Paket mit <strong>drei City-Golfguides<\/strong>. Die Bezahlung erfolgt nach erfolgreicher Lieferung und nat\u00fcrlich nur dann, wenn Sie zufrieden sind. Der Lieferung liegt eine Rechnung mit ausgewiesener Mehrwertsteuer bei.<\/p>\n<p>Sollten Sie eine gr\u00f6\u00dfere St\u00fcckzahl ben\u00f6tigen, lohnt es sich vermutlich, wenn Sie eine eMail an <a href=\"mailto:info@city-golfguide.de\">info@city-golfguide.de<\/a> schreiben oder einfach anrufen (+40 171 5337318).<\/li>\n<\/ul>\n","protected":false},"excerpt":{"rendered":"<p>City Golf Guide K\u00f6ln 2025 &#8211; Flight Edition (3 St\u00fcck) &nbsp; City Golf Guide 2025 Flight Edition &#8211; Paket mit drei Guides &#8211; der einzige Golff\u00fchrer f\u00fcr K\u00f6ln mit integrierter Gutschein-Garantie Insgesamt \u00fcber 1900 \u20ac Greenfee-Gutscheine. Neu dabei: GC Duvenhof und GC Velbert. &nbsp; Greenfee-Gutscheine f\u00fcr \u00fcber 1900 Euro 68 % davon gelten am Wochenende 87 % der Gutscheine funktionieren [&hellip;]<\/p>\n","protected":false},"featured_media":3228,"comment_status":"open","ping_status":"closed","template":"","meta":[],"product_brand":[],"product_cat":[33],"product_tag":[65,44],"class_list":{"0":"post-2657","1":"product","2":"type-product","3":"status-publish","4":"has-post-thumbnail","6":"product_cat-city-golfguide-das-heft","7":"product_tag-city-golf-guide-koeln-2025","8":"product_tag-greenfee-gutscheine","10":"first","11":"outofstock","12":"taxable","13":"shipping-taxable","14":"purchasable","15":"product-type-simple"},"_links":{"self":[{"href":"https:\/\/city-golfguide.de\/index.php?rest_route=\/wp\/v2\/product\/2657","targetHints":{"allow":["GET"]}}],"collection":[{"href":"https:\/\/city-golfguide.de\/index.php?rest_route=\/wp\/v2\/product"}],"about":[{"href":"https:\/\/city-golfguide.de\/index.php?rest_route=\/wp\/v2\/types\/product"}],"replies":[{"embeddable":true,"href":"https:\/\/city-golfguide.de\/index.php?rest_route=%2Fwp%2Fv2%2Fcomments&post=2657"}],"wp:featuredmedia":[{"embeddable":true,"href":"https:\/\/city-golfguide.de\/index.php?rest_route=\/wp\/v2\/media\/3228"}],"wp:attachment":[{"href":"https:\/\/city-golfguide.de\/index.php?rest_route=%2Fwp%2Fv2%2Fmedia&parent=2657"}],"wp:term":[{"taxonomy":"product_brand","embeddable":true,"href":"https:\/\/city-golfguide.de\/index.php?rest_route=%2Fwp%2Fv2%2Fproduct_brand&post=2657"},{"taxonomy":"product_cat","embeddable":true,"href":"https:\/\/city-golfguide.de\/index.php?rest_route=%2Fwp%2Fv2%2Fproduct_cat&post=2657"},{"taxonomy":"product_tag","embeddable":true,"href":"https:\/\/city-golfguide.de\/index.php?rest_route=%2Fwp%2Fv2%2Fproduct_tag&post=2657"}],"curies":[{"name":"wp","href":"https:\/\/api.w.org\/{rel}","templated":true}]}}