{"id":30,"date":"2019-12-30T11:47:03","date_gmt":"2019-12-30T11:47:03","guid":{"rendered":"http:\/\/city-golfguide.de\/?page_id=30"},"modified":"2019-12-30T15:00:58","modified_gmt":"2019-12-30T15:00:58","slug":"unternehmen","status":"publish","type":"page","link":"https:\/\/city-golfguide.de\/?page_id=30","title":{"rendered":"Unternehmen und Werbungtreibende"},"content":{"rendered":"<div class=\"wp-block-image\"><figure class=\"alignright size-large\"><img loading=\"lazy\" decoding=\"async\" width=\"259\" height=\"269\" src=\"https:\/\/city-golfguide.de\/wp-content\/uploads\/2019\/12\/arosa.jpg\" alt=\"\" class=\"wp-image-66\"\/><figcaption>So haben die A-Rosa Hotels die Werbewirksamkeit des Golfguides in vergangenen Jahren genutzt<\/figcaption><\/figure><\/div><p>Der City-Golfguide, das perfekte GiveAway<\/p><ul class=\"wp-block-list\"><li>zielgruppengenau<\/li><li>hochwertig gestaltet<\/li><li>einmalig<\/li><li>neu<\/li><li>preiswert<\/li><li>praktisch<\/li><li>langfristig nutzbar (der Golfer nutzt das Produkt \u00fcber die gesamte Saison)<\/li><\/ul><p>Das Thema Golf ist als Freizeitgestaltung und durch eine gewisse <strong>Exklusivit\u00e4t <\/strong>positiv besetzt und strahlt merklich auf das Image der Werbetr\u00e4ger ab.<\/p><p><strong>Unser Angebot:<\/strong> Erwerben Sie eine Teilauflage des City-Golfguide ab 50 St\u00fcck und statten Sie sie mit Ihrem Logo und Firmennamen aus. Auf Wunsch ist diese Teilauflage frei von weiteren Anzeigen.<\/p><p>Details besprechen wir am besten pers\u00f6nlich: 0171 5337318 oder <a href=\"mailto:info@city-golfguide.de\">info&#8220;at&#8220;city-golfguide&#8220;punkt&#8220;de<\/a><\/p>","protected":false},"excerpt":{"rendered":"<p>Der City-Golfguide, das perfekte GiveAway zielgruppengenau hochwertig gestaltet einmalig neu preiswert praktisch langfristig nutzbar (der Golfer nutzt das Produkt \u00fcber die gesamte Saison) Das Thema Golf ist als Freizeitgestaltung und durch eine gewisse Exklusivit\u00e4t positiv besetzt und strahlt merklich auf das Image der Werbetr\u00e4ger ab. Unser Angebot: Erwerben Sie eine Teilauflage des City-Golfguide ab 50 St\u00fcck und statten Sie sie [&hellip;]<\/p>\n","protected":false},"author":1,"featured_media":0,"parent":0,"menu_order":0,"comment_status":"closed","ping_status":"closed","template":"","meta":{"footnotes":""},"class_list":["post-30","page","type-page","status-publish","hentry"],"_links":{"self":[{"href":"https:\/\/city-golfguide.de\/index.php?rest_route=\/wp\/v2\/pages\/30","targetHints":{"allow":["GET"]}}],"collection":[{"href":"https:\/\/city-golfguide.de\/index.php?rest_route=\/wp\/v2\/pages"}],"about":[{"href":"https:\/\/city-golfguide.de\/index.php?rest_route=\/wp\/v2\/types\/page"}],"author":[{"embeddable":true,"href":"https:\/\/city-golfguide.de\/index.php?rest_route=\/wp\/v2\/users\/1"}],"replies":[{"embeddable":true,"href":"https:\/\/city-golfguide.de\/index.php?rest_route=%2Fwp%2Fv2%2Fcomments&post=30"}],"version-history":[{"count":3,"href":"https:\/\/city-golfguide.de\/index.php?rest_route=\/wp\/v2\/pages\/30\/revisions"}],"predecessor-version":[{"id":72,"href":"https:\/\/city-golfguide.de\/index.php?rest_route=\/wp\/v2\/pages\/30\/revisions\/72"}],"wp:attachment":[{"href":"https:\/\/city-golfguide.de\/index.php?rest_route=%2Fwp%2Fv2%2Fmedia&parent=30"}],"curies":[{"name":"wp","href":"https:\/\/api.w.org\/{rel}","templated":true}]}}