{"id":29,"date":"2019-12-30T11:47:03","date_gmt":"2019-12-30T11:47:03","guid":{"rendered":"http:\/\/city-golfguide.de\/?page_id=29"},"modified":"2024-02-06T14:16:56","modified_gmt":"2024-02-06T14:16:56","slug":"golfclubs","status":"publish","type":"page","link":"https:\/\/city-golfguide.de\/?page_id=29","title":{"rendered":"F\u00fcr Golfclubs im Gro\u00dfraum Hamburg und solche, die Hamburger Golfer als G\u00e4ste haben."},"content":{"rendered":"<div class=\"wp-block-image\"><figure class=\"aligncenter size-full\"><img loading=\"lazy\" decoding=\"async\" width=\"728\" height=\"90\" src=\"http:\/\/city-golfguide.de\/wp-content\/uploads\/2024\/02\/GolfOutlet_Banner_728x90.jpg\" alt=\"Affiliate Link zu MyGolfoutlet\" class=\"wp-image-2740\" srcset=\"https:\/\/city-golfguide.de\/wp-content\/uploads\/2024\/02\/GolfOutlet_Banner_728x90.jpg 728w, https:\/\/city-golfguide.de\/wp-content\/uploads\/2024\/02\/GolfOutlet_Banner_728x90-300x37.jpg 300w, https:\/\/city-golfguide.de\/wp-content\/uploads\/2024\/02\/GolfOutlet_Banner_728x90-400x49.jpg 400w\" sizes=\"auto, (max-width: 728px) 100vw, 728px\" \/><figcaption class=\"wp-element-caption\">Einfach draufklicken und shoppen<\/figcaption><\/figure><\/div><p>Profitieren Sie von der Konkurrenz<\/p><p>Die gro\u00dfe Golferdichte in Hamburg bringt auch auf Ihren Platz mehr Greenfee-Spieler. Nutzen Sie die attraktive Plattform des City-Golfguide, um Ihren Platz in ein besonderes Licht zu r\u00fccken. Sei es, Sie er\u00f6ffnen dieses Jahr neu. Sei es, Sie haben ein besonderes Ereignis zu feiern, wie Gut Kaden, Glinde oder der Golfclub an der Pinnau.<\/p><p>Wir bieten Ihnen drei verschiedene Werbeformen an:<\/p><ul class=\"wp-block-list\"><li>Das klassische Inserat in einem Teil oder der gesamten Auflage<\/li>\n\n<li>Die Inserat-Coupon-Kombination. Sie gew\u00e4hren mit Ihrem Inserat den Besitzern des City-Golfguide eine einmalige Greenfeeerm\u00e4\u00dfigung von 15 Euro oder 2 f\u00fcr 1.<\/li>\n\n<li>Das Highlight-Format mit doppelter Pr\u00e4senz im CGG und einem sch\u00f6nen Platzfoto.<\/li><\/ul><figure class=\"wp-block-gallery has-nested-images columns-default is-cropped wp-block-gallery-1 is-layout-flex wp-block-gallery-is-layout-flex\"><figure class=\"wp-block-image size-large\"><img loading=\"lazy\" decoding=\"async\" width=\"616\" height=\"431\" data-id=\"60\" src=\"http:\/\/city-golfguide.de\/wp-content\/uploads\/2019\/12\/cgg2011_dionys_w.png\" alt=\"\" class=\"wp-image-60\" srcset=\"https:\/\/city-golfguide.de\/wp-content\/uploads\/2019\/12\/cgg2011_dionys_w.png 616w, https:\/\/city-golfguide.de\/wp-content\/uploads\/2019\/12\/cgg2011_dionys_w-400x280.png 400w, https:\/\/city-golfguide.de\/wp-content\/uploads\/2019\/12\/cgg2011_dionys_w-300x210.png 300w, https:\/\/city-golfguide.de\/wp-content\/uploads\/2019\/12\/cgg2011_dionys_w-100x70.png 100w\" sizes=\"auto, (max-width: 616px) 100vw, 616px\" \/><\/figure>\n\n<figure class=\"wp-block-image size-large\"><img loading=\"lazy\" decoding=\"async\" width=\"616\" height=\"431\" data-id=\"61\" src=\"http:\/\/city-golfguide.de\/wp-content\/uploads\/2019\/12\/cgg2011_buxtehude_w.png\" alt=\"\" class=\"wp-image-61\" srcset=\"https:\/\/city-golfguide.de\/wp-content\/uploads\/2019\/12\/cgg2011_buxtehude_w.png 616w, https:\/\/city-golfguide.de\/wp-content\/uploads\/2019\/12\/cgg2011_buxtehude_w-400x280.png 400w, https:\/\/city-golfguide.de\/wp-content\/uploads\/2019\/12\/cgg2011_buxtehude_w-300x210.png 300w, https:\/\/city-golfguide.de\/wp-content\/uploads\/2019\/12\/cgg2011_buxtehude_w-100x70.png 100w\" sizes=\"auto, (max-width: 616px) 100vw, 616px\" \/><\/figure>\n\n<figure class=\"wp-block-image size-large\"><img loading=\"lazy\" decoding=\"async\" width=\"616\" height=\"431\" data-id=\"62\" src=\"http:\/\/city-golfguide.de\/wp-content\/uploads\/2019\/12\/cgg2011_golfrange_w.png\" alt=\"\" class=\"wp-image-62\" srcset=\"https:\/\/city-golfguide.de\/wp-content\/uploads\/2019\/12\/cgg2011_golfrange_w.png 616w, https:\/\/city-golfguide.de\/wp-content\/uploads\/2019\/12\/cgg2011_golfrange_w-400x280.png 400w, https:\/\/city-golfguide.de\/wp-content\/uploads\/2019\/12\/cgg2011_golfrange_w-300x210.png 300w, https:\/\/city-golfguide.de\/wp-content\/uploads\/2019\/12\/cgg2011_golfrange_w-100x70.png 100w\" sizes=\"auto, (max-width: 616px) 100vw, 616px\" \/><\/figure>\n\n<figure class=\"wp-block-image size-large\"><img loading=\"lazy\" decoding=\"async\" width=\"616\" height=\"431\" data-id=\"63\" src=\"http:\/\/city-golfguide.de\/wp-content\/uploads\/2019\/12\/cgg2011_kaden_w.png\" alt=\"\" class=\"wp-image-63\" srcset=\"https:\/\/city-golfguide.de\/wp-content\/uploads\/2019\/12\/cgg2011_kaden_w.png 616w, https:\/\/city-golfguide.de\/wp-content\/uploads\/2019\/12\/cgg2011_kaden_w-400x280.png 400w, https:\/\/city-golfguide.de\/wp-content\/uploads\/2019\/12\/cgg2011_kaden_w-300x210.png 300w, https:\/\/city-golfguide.de\/wp-content\/uploads\/2019\/12\/cgg2011_kaden_w-100x70.png 100w\" sizes=\"auto, (max-width: 616px) 100vw, 616px\" \/><\/figure><figcaption class=\"blocks-gallery-caption wp-element-caption\">Beispiele f\u00fcr einige Gutscheine aus vergangenen Ausgaben<\/figcaption><\/figure>","protected":false},"excerpt":{"rendered":"<p>Profitieren Sie von der Konkurrenz Die gro\u00dfe Golferdichte in Hamburg bringt auch auf Ihren Platz mehr Greenfee-Spieler. Nutzen Sie die attraktive Plattform des City-Golfguide, um Ihren Platz in ein besonderes Licht zu r\u00fccken. Sei es, Sie er\u00f6ffnen dieses Jahr neu. Sei es, Sie haben ein besonderes Ereignis zu feiern, wie Gut Kaden, Glinde oder der Golfclub an der Pinnau. Wir [&hellip;]<\/p>\n","protected":false},"author":1,"featured_media":0,"parent":0,"menu_order":0,"comment_status":"closed","ping_status":"closed","template":"","meta":{"footnotes":""},"class_list":["post-29","page","type-page","status-publish","hentry"],"_links":{"self":[{"href":"https:\/\/city-golfguide.de\/index.php?rest_route=\/wp\/v2\/pages\/29","targetHints":{"allow":["GET"]}}],"collection":[{"href":"https:\/\/city-golfguide.de\/index.php?rest_route=\/wp\/v2\/pages"}],"about":[{"href":"https:\/\/city-golfguide.de\/index.php?rest_route=\/wp\/v2\/types\/page"}],"author":[{"embeddable":true,"href":"https:\/\/city-golfguide.de\/index.php?rest_route=\/wp\/v2\/users\/1"}],"replies":[{"embeddable":true,"href":"https:\/\/city-golfguide.de\/index.php?rest_route=%2Fwp%2Fv2%2Fcomments&post=29"}],"version-history":[{"count":7,"href":"https:\/\/city-golfguide.de\/index.php?rest_route=\/wp\/v2\/pages\/29\/revisions"}],"predecessor-version":[{"id":2745,"href":"https:\/\/city-golfguide.de\/index.php?rest_route=\/wp\/v2\/pages\/29\/revisions\/2745"}],"wp:attachment":[{"href":"https:\/\/city-golfguide.de\/index.php?rest_route=%2Fwp%2Fv2%2Fmedia&parent=29"}],"curies":[{"name":"wp","href":"https:\/\/api.w.org\/{rel}","templated":true}]}}