{"id":28,"date":"2019-12-30T11:47:03","date_gmt":"2019-12-30T11:47:03","guid":{"rendered":"http:\/\/city-golfguide.de\/?page_id=28"},"modified":"2024-02-06T14:17:41","modified_gmt":"2024-02-06T14:17:41","slug":"golfer","status":"publish","type":"page","link":"https:\/\/city-golfguide.de\/?page_id=28","title":{"rendered":"F\u00fcr Golfer"},"content":{"rendered":"<div class=\"wp-block-image\"><figure class=\"aligncenter size-full\"><img loading=\"lazy\" decoding=\"async\" width=\"728\" height=\"90\" src=\"http:\/\/city-golfguide.de\/wp-content\/uploads\/2024\/02\/GolfOutlet_Banner_728x90.jpg\" alt=\"Affiliate Link zu MyGolfoutlet\" class=\"wp-image-2740\" srcset=\"https:\/\/city-golfguide.de\/wp-content\/uploads\/2024\/02\/GolfOutlet_Banner_728x90.jpg 728w, https:\/\/city-golfguide.de\/wp-content\/uploads\/2024\/02\/GolfOutlet_Banner_728x90-300x37.jpg 300w, https:\/\/city-golfguide.de\/wp-content\/uploads\/2024\/02\/GolfOutlet_Banner_728x90-400x49.jpg 400w\" sizes=\"auto, (max-width: 728px) 100vw, 728px\" \/><figcaption class=\"wp-element-caption\">Einfach draufklicken und shoppen<\/figcaption><\/figure><\/div><div class=\"wp-block-image\"><figure class=\"alignright size-large is-resized\"><a href=\"https:\/\/city-golfguide.de\/wp-content\/uploads\/2019\/12\/cgg2011_brunstorf.png\"><img loading=\"lazy\" decoding=\"async\" width=\"616\" height=\"431\" src=\"https:\/\/city-golfguide.de\/wp-content\/uploads\/2019\/12\/cgg2011_brunstorf.png\" alt=\"\" class=\"wp-image-57\" style=\"width:273px;height:191px\" srcset=\"https:\/\/city-golfguide.de\/wp-content\/uploads\/2019\/12\/cgg2011_brunstorf.png 616w, https:\/\/city-golfguide.de\/wp-content\/uploads\/2019\/12\/cgg2011_brunstorf-400x280.png 400w, https:\/\/city-golfguide.de\/wp-content\/uploads\/2019\/12\/cgg2011_brunstorf-300x210.png 300w, https:\/\/city-golfguide.de\/wp-content\/uploads\/2019\/12\/cgg2011_brunstorf-100x70.png 100w\" sizes=\"auto, (max-width: 616px) 100vw, 616px\" \/><\/a><figcaption class=\"wp-element-caption\">Beispielgutschein aus Brunstorf<\/figcaption><\/figure><\/div><p>Der City-Golfguide ist von Golfern f\u00fcr Golfer gemacht<\/p><ul class=\"wp-block-list\"><li>48 Seiten Information pur, nur Golf, kein Lifestyle<\/li>\n\n<li>Pr\u00e4zise Wegbeschreibungen inklusive Anfahrtszeit<\/li>\n\n<li>VCG-Berechtigung<\/li>\n\n<li>Alle Erm\u00e4\u00dfigungen wie 9-Loch-Greenfee, Sundowner oder verg\u00fcnstigte Tage<\/li>\n\n<li>Handliches Format f\u00fcrs Golfbag<\/li>\n\n<li>Einmalige \u00dcbersicht \u00fcber die Region<\/li>\n\n<li>Alle Informationen \u00fcber Platzerweiterungen oder -Sperrungen im aktuellen Jahr <\/li>\n\n<li>Redaktionell recherchierte Inhalte ohne Geb\u00fchren f\u00fcr die Clubs<\/li>\n\n<li>Greenfee-Gutscheine im Wert von \u00fcber 1800 \u20ac<\/li>\n\n<li>Teilweise auch g\u00fcltig am Wochenende<\/li>\n\n<li>Die meisten Gutscheine entfalten auch f\u00fcr Einzelspieler Wirkung<\/li>\n\n<li> Keine Vertragsbindung, kein Abo, keine Tricks<\/li>\n\n<li>Vollst\u00e4ndig \u00fcbertragbar. Das perfekte Golf-Geschenk.<\/li><\/ul><p>Wenn Sie nur einer der Gutscheine nutzen, lohnt sich der Einsatz von 9,90 \u20ac.<\/p>","protected":false},"excerpt":{"rendered":"<p>Der City-Golfguide ist von Golfern f\u00fcr Golfer gemacht Wenn Sie nur einer der Gutscheine nutzen, lohnt sich der Einsatz von 9,90 \u20ac.<\/p>\n","protected":false},"author":1,"featured_media":0,"parent":0,"menu_order":0,"comment_status":"closed","ping_status":"closed","template":"","meta":{"footnotes":""},"class_list":["post-28","page","type-page","status-publish","hentry"],"_links":{"self":[{"href":"https:\/\/city-golfguide.de\/index.php?rest_route=\/wp\/v2\/pages\/28","targetHints":{"allow":["GET"]}}],"collection":[{"href":"https:\/\/city-golfguide.de\/index.php?rest_route=\/wp\/v2\/pages"}],"about":[{"href":"https:\/\/city-golfguide.de\/index.php?rest_route=\/wp\/v2\/types\/page"}],"author":[{"embeddable":true,"href":"https:\/\/city-golfguide.de\/index.php?rest_route=\/wp\/v2\/users\/1"}],"replies":[{"embeddable":true,"href":"https:\/\/city-golfguide.de\/index.php?rest_route=%2Fwp%2Fv2%2Fcomments&post=28"}],"version-history":[{"count":7,"href":"https:\/\/city-golfguide.de\/index.php?rest_route=\/wp\/v2\/pages\/28\/revisions"}],"predecessor-version":[{"id":2746,"href":"https:\/\/city-golfguide.de\/index.php?rest_route=\/wp\/v2\/pages\/28\/revisions\/2746"}],"wp:attachment":[{"href":"https:\/\/city-golfguide.de\/index.php?rest_route=%2Fwp%2Fv2%2Fmedia&parent=28"}],"curies":[{"name":"wp","href":"https:\/\/api.w.org\/{rel}","templated":true}]}}