{"id":2628,"date":"2023-05-10T07:13:58","date_gmt":"2023-05-10T07:13:58","guid":{"rendered":"https:\/\/city-golfguide.de\/?page_id=2628"},"modified":"2026-05-06T16:30:37","modified_gmt":"2026-05-06T16:30:37","slug":"city-golf-guide-hamburg-2023","status":"publish","type":"page","link":"https:\/\/city-golfguide.de\/?page_id=2628","title":{"rendered":"City Golf Guide Hamburg 2026"},"content":{"rendered":"<p><strong>Der City Golf Guide Hamburg 2026 ist fast ausverkauft.<\/strong> Er enth\u00e4lt vier neue Gutscheine in <strong>St. Dionys, S\u00fclfeld, Donner-Kleve und Teschow<\/strong>.  <a href=\"https:\/\/city-golfguide.de\/?page_id=31\" data-type=\"page\" data-id=\"31\">Bestellen Sie m\u00f6glichst bald.<\/a><\/p><h2 class=\"wp-block-heading\">Das ist neu im City Golf Guide 2026:<\/h2><p>Wir haben wieder vier neue Gutscheine f\u00fcr Sie eingesammelt. Davon sind zwei R\u00fcckkehrer. Wir freuen uns sehr, dass uns der Golfclub St. Dionys wieder das Vertrauen geschenkt hat. \u00dcber den Platz brauchen wir nicht zu sprechen, es ist einer der sch\u00f6nsten in Deutschland.<br>Au\u00dferdem zur\u00fcck ist der Golfclub S\u00fclfeld. Familie Rookledge ist zu den Wurzeln zur\u00fcckgekehrt und auch zur Partnerschaft mit dem City Golf Guide.&nbsp;<\/p><p>Aus einem sch\u00f6nen Kontakt auf der letztj\u00e4hrigen Hansegolf ist die Teilnahme des Golfclub Donner-Kleve entstanden. Planen Sie unbedingt einen Besuch in Dithmarschen ein. Es lohnt sich.&nbsp;<\/p><p>Und vierter im Bunde ist der Golfclub Schloss Teschow. Ich durfte den tollen Platz selbst schon zwei Mal spielen. Wer auf dem Weg in die Seenplatte oder in Richtung Ostsee-Inseln ist: Unbedingt einen Golfstopp einplanen.&nbsp;<\/p><hr class=\"wp-block-separator has-alpha-channel-opacity\"\/><h3 class=\"wp-block-heading\">\u00dcbersicht \u00fcber alle Gutscheine und deren Bedingungen f\u00fcr Hamburg 2026<\/h3><figure class=\"wp-block-table\"><table><tbody><tr><td><strong>Club<\/strong><\/td><td><strong>Seite<\/strong><\/td><td><strong>Wert maximal<\/strong><\/td><td><strong>Art<\/strong><\/td><td><strong>G\u00fcltigkeit<\/strong><\/td><\/tr><tr><td>Golfclub Waldhof<\/td><td>24<\/td><td>178 \u20ac<\/td><td>2:1 oder 10 % (2&#215;2)<\/td><td>Mo &#8211; Sa<\/td><\/tr><tr><td>Gut Waldshagen<\/td><td>21<\/td><td>160 \u20ac<\/td><td>2:1 oder 30% (2&#215;2)<\/td><td>ganze Woche<\/td><\/tr><tr><td>Golfclub Hoisdorf<\/td><td>35<\/td><td>180 \u20ac<\/td><td>2:1 (2&#215;2)<\/td><td>ganze Woche<\/td><\/tr><tr><td><strong>Golfclub S\u00fclfeld<\/strong><\/td><td><strong>22<\/strong><\/td><td><strong>20 \u20ac<\/strong><\/td><td><\/td><td><strong>ganze Woche<\/strong><\/td><\/tr><tr><td>Golfclub Soltau<\/td><td>37<\/td><td>150 \u20ac<\/td><td>2:1 oder 10 % (2&#215;2)<\/td><td>ganze Woche<\/td><\/tr><tr><td>Golfclub an der Pinnau <\/td><td>23<\/td><td>150 \u20ac<\/td><td>2:1 (2&#215;2)<\/td><td>Mo &#8211; Do<\/td><\/tr><tr><td>Golfplatz Gut Bissenmoor<\/td><td>16<\/td><td>140 \u20ac<\/td><td>2:1 oder 15 \u20ac (2&#215;2)<\/td><td>Mo &#8211; Sa<\/td><\/tr><tr><td>Golfclub W\u00fcmme<\/td><td>39<\/td><td>130 \u20ac<\/td><td>2:1 und 25 \u20ac (2&#215;2)<\/td><td>ganze Woche<\/td><\/tr><tr><td>Golfclub Schloss L\u00fcdersburg<\/td><td>12<\/td><td>130 \u20ac<\/td><td>2:1 (2&#215;2)<\/td><td>Mo &#8211; Do<\/td><\/tr><tr><td>Golfclub G\u00f6hrde<\/td><td>20<\/td><td>140 \u20ac<\/td><td>2:1 und 15 \u20ac (2&#215;2)<\/td><td>ganze Woche<\/td><\/tr><tr><td>Golfclub Escheburg<\/td><td>25<\/td><td>100 \u20ac<\/td><td>2:1 und 15 \u20ac<\/td><td>ganze Woche<\/td><\/tr><tr><td>Golfclub Grambek<\/td><td>34<\/td><td>108 \u20ac<\/td><td>30 % (2&#215;2)<\/td><td>ganze Woche<\/td><\/tr><tr><td>Golfclub Segeberg<\/td><td>27<\/td><td>96 \u20ac<\/td><td>30 % (2&#215;2)<\/td><td>ganze Woche<\/td><\/tr><tr><td>Golfclub Schloss Breitenburg<\/td><td>4<\/td><td>90 \u20ac<\/td><td>25% \/ Spieler (2&#215;2)<\/td><td>ganze Woche<\/td><\/tr><tr><td>Golfclub Lutzhorn<\/td><td>11<\/td><td>80 \u20ac<\/td><td>40 % \/Spieler (2&#215;2)<\/td><td>ganze Woche<\/td><\/tr><tr><td>Golfclub B\u00fcsum-Dithmarschen<\/td><td>18<\/td><td>90 \u20ac<\/td><td>2:1<\/td><td>Mo &#8211; Sa<\/td><\/tr><tr><td>Golfclub Haseldorf<\/td><td>13<\/td><td>160 \u20ac<\/td><td>2:1 (2&#215;2)<\/td><td>ganze Woche<\/td><\/tr><tr><td>Golfclub Hockenberg<\/td><td>9<\/td><td>100 \u20ac<\/td><td>2:1 und 15 \u20ac<\/td><td>Mo &#8211; Fr<\/td><\/tr><tr><td>Golfclub RedGolf Quickborn<\/td><td>10<\/td><td>66 \u20ac<\/td><td>2:1 und 50%<\/td><td>ganze Woche<\/td><\/tr><tr><td>Golfclub St. Peter Ording<\/td><td>17<\/td><td>65 \u20ac<\/td><td>2:1 und 20%<\/td><td>ganze Woche<\/td><\/tr><tr><td><strong>Golfclub Schloss Teschow<\/strong><\/td><td><strong>20<\/strong><\/td><td><strong>130 \u20ac<\/strong><\/td><td><strong>2:1 und 50%  (2&#215;2)<\/strong><\/td><td><strong>ganze Woche<\/strong><\/td><\/tr><tr><td>Golfclub Brunstorf<\/td><td>8<\/td><td>60 \u20ac<\/td><td>15 \u20ac \/ Spieler (2&#215;2)<\/td><td>ganze Woche<\/td><\/tr><tr><td>Golfclub Sittensen<\/td><td>38<\/td><td>60 \u20ac<\/td><td>2:1 und 10 \u20ac<\/td><td>Mo &#8211; Fr<\/td><\/tr><tr><td>Golfclub Siek<\/td><td>36<\/td><td>40 \u20ac<\/td><td>20 \u20ac \/ Spieler (2&#215;2)<\/td><td>Mo &#8211; Sa<\/td><\/tr><tr><td>Golfrange<\/td><td>19<\/td><td>39 \u20ac<\/td><td>2:1 und 50%<\/td><td>ganze Woche<\/td><\/tr><tr><td>Golfclub Buchholz<\/td><td>26<\/td><td>30 \u20ac<\/td><td>30 \u20ac f\u00fcr 2, 10 \u20ac f\u00fcr 1<\/td><td>Mo &#8211; Fr<\/td><\/tr><tr><td>Heiko Falke<\/td><td>6<\/td><td>min. 40 \u20ac<\/td><td>Training<\/td><td>ganze Woche<\/td><\/tr><tr><td><strong>Golfclub am Donner-Kleve<\/strong><\/td><td><strong>18<\/strong><\/td><td><strong>130 \u20ac<\/strong><\/td><td><strong>2:1 und 15 \u20ac (2&#215;2)<\/strong><\/td><td><strong>ganze Woche<\/strong><\/td><\/tr><tr><td><strong>Golfclub St. Dionys<\/strong><\/td><td><strong>6<\/strong><\/td><td><strong>120 \u20ac<\/strong><\/td><td><strong>2:1<\/strong><\/td><td><strong>Mo &#8211; Do<\/strong><\/td><\/tr><\/tbody><\/table><\/figure><p><strong>Beachten Sie auch diese besonderen Inhalte:<\/strong><br><a href=\"https:\/\/city-golfguide.de\/?page_id=3531\" data-type=\"page\" data-id=\"3531\">Golfen mit Hund S. 15<\/a><br><a href=\"https:\/\/city-golfguide.de\/?page_id=3535\" data-type=\"page\" data-id=\"3535\">Early Bird S. 15<\/a><br><a href=\"https:\/\/city-golfguide.de\/?page_id=3533\" data-type=\"page\" data-id=\"3533\">Die schnelle Runde S. 14<\/a><br><a href=\"https:\/\/city-golfguide.de\/?page_id=3537\" data-type=\"page\" data-id=\"3537\">Sundowner S. 14<\/a><\/p><h3 class=\"wp-block-heading\">Legende<\/h3><figure class=\"wp-block-table\"><table><tbody><tr><td><strong>Wert maximal<\/strong><\/td><td>Wenn der Gutschein voll ausgesch\u00f6pft wird (in der Regel zwei Personen, am Wochenende und ggf. zwei Mal). Nat\u00fcrlich kann der Gutschein auch in geringerem Umfang genutzt werden (Einzelspieler, werktags). <\/td><\/tr><tr><td><strong>2:1<\/strong><\/td><td>Zwei Spieler bezahlen ein Greenfee.<\/td><\/tr><tr><td><strong>30%<\/strong><\/td><td>Anteilige Erm\u00e4\u00dfigung, gilt in der Regel f\u00fcr einen oder zwei Spieler.<\/td><\/tr><tr><td><strong>15 \u20ac<\/strong><\/td><td>Absolute Erm\u00e4\u00dfigung, gilt in der Regel f\u00fcr einen Spieler.<\/td><\/tr><tr><td><strong>2x<\/strong><\/td><td>Gutschein kann zwei Mal im Jahr eingesetzt werden.<\/td><\/tr><tr><td><strong>x2<\/strong><\/td><td>Gutschein gilt f\u00fcr maximal zwei Spieler.<\/td><\/tr><tr><td><strong>2&#215;2<\/strong><\/td><td>Gutschein gilt f\u00fcr bis zu zwei Spieler und kann im Jahr zwei Mal eingel\u00f6st werden.<\/td><\/tr><\/tbody><\/table><\/figure>","protected":false},"excerpt":{"rendered":"<p>Der City Golf Guide Hamburg 2026 ist fast ausverkauft. Er enth\u00e4lt vier neue Gutscheine in St. Dionys, S\u00fclfeld, Donner-Kleve und Teschow. Bestellen Sie m\u00f6glichst bald. Das ist neu im City Golf Guide 2026: Wir haben wieder vier neue Gutscheine f\u00fcr Sie eingesammelt. Davon sind zwei R\u00fcckkehrer. Wir freuen uns sehr, dass uns der Golfclub St. Dionys wieder das Vertrauen geschenkt [&hellip;]<\/p>\n","protected":false},"author":1,"featured_media":0,"parent":0,"menu_order":0,"comment_status":"closed","ping_status":"closed","template":"","meta":{"footnotes":""},"class_list":["post-2628","page","type-page","status-publish","hentry"],"_links":{"self":[{"href":"https:\/\/city-golfguide.de\/index.php?rest_route=\/wp\/v2\/pages\/2628","targetHints":{"allow":["GET"]}}],"collection":[{"href":"https:\/\/city-golfguide.de\/index.php?rest_route=\/wp\/v2\/pages"}],"about":[{"href":"https:\/\/city-golfguide.de\/index.php?rest_route=\/wp\/v2\/types\/page"}],"author":[{"embeddable":true,"href":"https:\/\/city-golfguide.de\/index.php?rest_route=\/wp\/v2\/users\/1"}],"replies":[{"embeddable":true,"href":"https:\/\/city-golfguide.de\/index.php?rest_route=%2Fwp%2Fv2%2Fcomments&post=2628"}],"version-history":[{"count":20,"href":"https:\/\/city-golfguide.de\/index.php?rest_route=\/wp\/v2\/pages\/2628\/revisions"}],"predecessor-version":[{"id":3553,"href":"https:\/\/city-golfguide.de\/index.php?rest_route=\/wp\/v2\/pages\/2628\/revisions\/3553"}],"wp:attachment":[{"href":"https:\/\/city-golfguide.de\/index.php?rest_route=%2Fwp%2Fv2%2Fmedia&parent=2628"}],"curies":[{"name":"wp","href":"https:\/\/api.w.org\/{rel}","templated":true}]}}