{"id":2590,"date":"2023-04-19T05:03:20","date_gmt":"2023-04-19T05:03:20","guid":{"rendered":"https:\/\/city-golfguide.de\/?page_id=2590"},"modified":"2026-01-02T13:45:28","modified_gmt":"2026-01-02T13:45:28","slug":"city-golf-guide-koeln-2023","status":"publish","type":"page","link":"http:\/\/city-golfguide.de\/?page_id=2590","title":{"rendered":"City Golf Guide K\u00f6ln 2025"},"content":{"rendered":"<p>Der City Golf Guide 2025 ist ausverkauft. Den neuen Guide wird es am 1. April 2026 geben.  <\/p><p><strong>Infos aus dem letzten Jahr: <\/strong><\/p><p>Sie k\u00f6nnen ihn ab sofort im Onlineshop kaufen. Die Details zu den Inhalten des City Golf Guide 2025 finden Sie unten. <strong>Aufgrund des sp\u00e4ten Erscheinungstermins gelten die Gutscheine bis M\u00e4rz 2026.<\/strong><\/p><p>Der neue City Golf Guide f\u00fcr den Gro\u00dfraum K\u00f6ln, Bonn und D\u00fcsseldorf ist in der zweiten Auflage erschienen. Gleich vom Start weg wartet er mit Greenfee-Gutscheinen im Wert von \u00fcber 1900 Euro auf. 53 tolle Golfanlagen warten auf euren Besuch.<\/p><p><a href=\"https:\/\/city-golfguide.de\/?page_id=31\" data-type=\"page\" data-id=\"31\">Der Guide kann direkt im Onlineshop bestellt werden. Der Versand erfolgt \u00fcblicherweise noch am gleichen Tag. Die Bezahlung ist per Rechnung\/\u00dcberweisung oder direkt per PayPal m\u00f6glich.<\/a><\/p><h3 class=\"wp-block-heading\">Die Gutscheine:<\/h3><figure class=\"wp-block-table\"><table><tbody><tr><td><strong>Club<\/strong><\/td><td><strong>Seite<\/strong><\/td><td><strong>Sie sparen<\/strong><\/td><td><strong>Art<\/strong><\/td><td><strong>G\u00fcltigkeit<\/strong><\/td><\/tr><tr><td>Golfclub Donnersberg<\/td><td>2<\/td><td>250 \u20ac<\/td><td>Golfwochenende in der Pfalz<\/td><td>ganze Woche<\/td><\/tr><tr><td>Golfclub Siegen Olpe<\/td><td>8<\/td><td>170 \u20ac<\/td><td>2:1, zwei Mal einsetzbar<\/td><td>ganze Woche<\/td><\/tr><tr><td>Bitburger Land<\/td><td>14<\/td><td>176 \u20ac<\/td><td>2:1 und 15 \u20ac, zwei Mal einsetzbar<\/td><td>ganze Woche<\/td><\/tr><tr><td>Golf Course Bonn<\/td><td>16<\/td><td>90 \u20ac<\/td><td>2:1 und 15 \u20ac<\/td><td>ganze Woche<\/td><\/tr><tr><td>Gut Birkhof<\/td><td>10<\/td><td>85 \u20ac<\/td><td>2:1 und 15 \u20ac<\/td><td>ganze Woche<\/td><\/tr><tr><td>Golfclub Der L\u00fcderich<\/td><td>12<\/td><td>158 \u20ac<\/td><td>2:1 und 20 \u20ac, zwei Mal einsetzbar<\/td><td>ganze Woche<\/td><\/tr><tr><td>Kosaido Golf Club<\/td><td>7<\/td><td>198 \u20ac<\/td><td>2:1, zwei Mal einsetzbar<\/td><td>Mo &#8211; Fr<\/td><\/tr><tr><td>Golfclub Bad M\u00fcnstereifel<\/td><td>19<\/td><td>77 \u20ac<\/td><td>2:1 und 15 \u20ac<\/td><td>ganze Woche<\/td><\/tr><tr><td>Golfclub Repetal \/ S\u00fcdsauerland<\/td><td>17<\/td><td>85 \u20ac<\/td><td>2:1 und 15 \u20ac<\/td><td>ganze Woche<\/td><\/tr><tr><td>GC Schmallenberg<\/td><td>23<\/td><td>80 \u20ac<\/td><td>2:1 und 15 \u20ac<\/td><td>Mo &#8211; Fr<\/td><\/tr><tr><td>Golfclub Varmert<\/td><td>15<\/td><td>75 \u20ac<\/td><td>2:1 und 15 \u20ac<\/td><td>ganze Woche<\/td><\/tr><tr><td>GC Frielinghausen \/ Golfwelt Wuppertal<\/td><td>4<\/td><td>65 \u20ac<\/td><td>2:1 und 10 \u20ac<\/td><td>Mo &#8211; Do<\/td><\/tr><tr><td>GC Felderbach \/ Golfwelt Wuppertal<\/td><td>6<\/td><td>65 \u20ac<\/td><td>2:1 und 10 \u20ac<\/td><td>Mo &#8211; Do<\/td><\/tr><tr><td>Gut Berge<\/td><td>21<\/td><td>60 \u20ac<\/td><td>2:1 und 15 \u20ac<\/td><td>Mo &#8211; Fr<\/td><\/tr><tr><td>Golfclub Wahn<\/td><td>18<\/td><td>50 \u20ac<\/td><td>2:1 und 50%, zwei Mal einsetzbar<\/td><td>ganze Woche<\/td><\/tr><tr><td>Golfpark N\u00fcmbrecht<\/td><td>13<\/td><td>80 \u20ac<\/td><td>2:1 und 15 \u20ac, zwei Mal einsetzbar<\/td><td>ganze Woche<\/td><\/tr><tr><td>Golfclub Burg Zievel<\/td><td>11<\/td><td>40 \u20ac<\/td><td>50% f\u00fcr einen Spieler<\/td><td>Mo &#8211; Sa<\/td><\/tr><tr><td>Golfclub Gut Clarenhof<\/td><td>20<\/td><td>22 \u20ac<\/td><td>2:1 und 20%<\/td><td>ganze Woche<\/td><\/tr><tr><td><strong>Neu: Golfclub Duvenhof<\/strong><\/td><td>22<\/td><td>40 \u20ac<\/td><td>20 \u20ac weniger, zwei Mal einsetzbar<\/td><td>Mo &#8211; Fr<\/td><\/tr><tr><td><strong>Neu: Golfclub Velbert<\/strong><\/td><td>27<\/td><td>40 \u20ac<\/td><td>20 \u20ac weniger, zwei Mal einsetzbar<\/td><td>ganze Woche<\/td><\/tr><tr><td>Mulligin<\/td><td>48<\/td><td>10 %<\/td><td>10 % auf Bestellung im Onlinshop<\/td><td>immer<\/td><\/tr><\/tbody><\/table><\/figure><h3 class=\"wp-block-heading\">Legende<\/h3><figure class=\"wp-block-table\"><table><tbody><tr><td><strong>Wert maximal<\/strong><br><\/td><td>Wenn der Gutschein voll ausgesch\u00f6pft wird (in der Regel zwei Personen, am Wochenende und ggf. zwei Mal). Nat\u00fcrlich kann der Gutschein auch in geringerem Umfang genutzt werden (Einzelspieler, werktags).<\/td><\/tr><tr><td><strong>2:1<\/strong><\/td><td>Zwei Spieler bezahlen ein Greenfee.<\/td><\/tr><tr><td><strong>30%<\/strong><\/td><td>Anteilige Erm\u00e4\u00dfigung, gilt in der Regel f\u00fcr einen oder zwei Spieler.<\/td><\/tr><tr><td><strong>15 \u20ac<\/strong><\/td><td>Absolute Erm\u00e4\u00dfigung, gilt in der Regel f\u00fcr einen Spieler.<\/td><\/tr><tr><td><strong>2x<\/strong><\/td><td>Gutschein kann zwei Mal im Jahr eingesetzt werden.<\/td><\/tr><tr><td><strong>x2<\/strong><\/td><td>Gutschein gilt f\u00fcr maximal zwei Spieler.<\/td><\/tr><tr><td><strong>2&#215;2<\/strong><\/td><td>Gutschein gilt f\u00fcr bis zu zwei Spieler und kann im Jahr zwei Mal eingel\u00f6st werden.<\/td><\/tr><\/tbody><\/table><\/figure>","protected":false},"excerpt":{"rendered":"<p>Der City Golf Guide 2025 ist ausverkauft. Den neuen Guide wird es am 1. April 2026 geben. Infos aus dem letzten Jahr: Sie k\u00f6nnen ihn ab sofort im Onlineshop kaufen. Die Details zu den Inhalten des City Golf Guide 2025 finden Sie unten. Aufgrund des sp\u00e4ten Erscheinungstermins gelten die Gutscheine bis M\u00e4rz 2026. Der neue City Golf Guide f\u00fcr den [&hellip;]<\/p>\n","protected":false},"author":1,"featured_media":3221,"parent":0,"menu_order":0,"comment_status":"closed","ping_status":"closed","template":"","meta":{"footnotes":""},"class_list":["post-2590","page","type-page","status-publish","has-post-thumbnail","hentry"],"_links":{"self":[{"href":"http:\/\/city-golfguide.de\/index.php?rest_route=\/wp\/v2\/pages\/2590","targetHints":{"allow":["GET"]}}],"collection":[{"href":"http:\/\/city-golfguide.de\/index.php?rest_route=\/wp\/v2\/pages"}],"about":[{"href":"http:\/\/city-golfguide.de\/index.php?rest_route=\/wp\/v2\/types\/page"}],"author":[{"embeddable":true,"href":"http:\/\/city-golfguide.de\/index.php?rest_route=\/wp\/v2\/users\/1"}],"replies":[{"embeddable":true,"href":"http:\/\/city-golfguide.de\/index.php?rest_route=%2Fwp%2Fv2%2Fcomments&post=2590"}],"version-history":[{"count":10,"href":"http:\/\/city-golfguide.de\/index.php?rest_route=\/wp\/v2\/pages\/2590\/revisions"}],"predecessor-version":[{"id":3308,"href":"http:\/\/city-golfguide.de\/index.php?rest_route=\/wp\/v2\/pages\/2590\/revisions\/3308"}],"wp:featuredmedia":[{"embeddable":true,"href":"http:\/\/city-golfguide.de\/index.php?rest_route=\/wp\/v2\/media\/3221"}],"wp:attachment":[{"href":"http:\/\/city-golfguide.de\/index.php?rest_route=%2Fwp%2Fv2%2Fmedia&parent=2590"}],"curies":[{"name":"wp","href":"https:\/\/api.w.org\/{rel}","templated":true}]}}